{"id":4589,"date":"2025-10-14T06:01:29","date_gmt":"2025-10-14T06:01:29","guid":{"rendered":"https:\/\/www.shirthouse.ro\/?post_type=product&#038;p=4589"},"modified":"2026-02-20T09:00:03","modified_gmt":"2026-02-20T09:00:03","slug":"camasa-dama-ema-croiala-clasica-1-1-albastru-inchis-popelin","status":"publish","type":"product","link":"https:\/\/www.shirthouse.ro\/ro\/produs\/camasa-dama-ema-croiala-clasica-1-1-albastru-inchis-popelin\/","title":{"rendered":"C\u0103ma\u0219\u0103 dam\u0103 \u201cEma\u201d Croial\u0103 Clasic\u0103 \u2013 1\/1 Albastru inchis \u2013 Popelin"},"content":{"rendered":"<p data-start=\"202\" data-end=\"565\">C\u0103ma\u0219a de dam\u0103 \u201eEma\u201d cu m\u00e2nec\u0103 lung\u0103, produs\u0103 \u00een Rom\u00e2nia, este realizat\u0103 din poplin 100% bumbac de calitate superioar\u0103, cu finisaj easy-care, care faciliteaz\u0103 \u00eentre\u021binerea \u0219i ofer\u0103 un aspect impecabil \u00eentreaga zi. \u021aes\u0103tura fin\u0103, respirabil\u0103 \u0219i pl\u0103cut\u0103 la atingere asigur\u0103 confort sporit \u0219i elegan\u021b\u0103 natural\u0103, fiind .<\/p>\n<p data-start=\"567\" data-end=\"767\">Materialul easy-care permite o c\u0103lcare rapid\u0103 \u0219i men\u021binerea formei, chiar \u0219i dup\u0103 numeroase purt\u0103ri \u0219i sp\u0103l\u0103ri. Croiala clasic\u0103 ofer\u0103 libertate de mi\u0219care \u0219i un aspect profesionist \u00een orice context.<\/p>\n<p data-start=\"769\" data-end=\"885\">\u2714\u00a0Ideal\u0103 pentru uniforme business sau ospitalitate \u2013 echilibrul perfect \u00eentre rafinament, confort \u0219i durabilitate.<\/p>","protected":false},"excerpt":{"rendered":"<p>C\u0103ma\u0219a de dam\u0103 \u201eEma\u201d cu m\u00e2nec\u0103 lung\u0103, produs\u0103 \u00een Rom\u00e2nia, este realizat\u0103 din poplin 100% bumbac de calitate superioar\u0103, cu finisaj easy-care, care faciliteaz\u0103 \u00eentre\u021binerea \u0219i ofer\u0103 un aspect impecabil \u00eentreaga zi. \u021aes\u0103tura fin\u0103, respirabil\u0103 \u0219i pl\u0103cut\u0103 la atingere asigur\u0103 confort sporit \u0219i elegan\u021b\u0103 natural\u0103, fiind . Materialul easy-care permite o c\u0103lcare rapid\u0103 \u0219i men\u021binerea [&hellip;]<\/p>","protected":false},"featured_media":4696,"template":"","meta":[],"product_brand":[],"product_cat":[84,55,66],"product_tag":[],"class_list":{"0":"post-4589","1":"product","2":"type-product","3":"status-publish","4":"has-post-thumbnail","6":"product_cat-women-shirts","7":"product_cat-premium","8":"product_cat-luca-ema","9":"pa_pocket-pocket-no","10":"pa_sewing-patterns-classic","11":"pa_sleeve-long","13":"first","14":"instock","15":"taxable","16":"shipping-taxable","17":"purchasable","18":"product-type-simple"},"tiered_pricing_type":"fixed","tiered_pricing_fixed_rules":{"20":"167","50":"152","100":"137"},"tiered_pricing_product_settings":{"layout":"default","base_unit_name":{"singular":null,"plural":null},"default_variation":null},"tiered_pricing_minimum_quantity":null,"tiered_pricing_roles_data":[],"tiered_pricing_percentage_rules":[],"_links":{"self":[{"href":"https:\/\/www.shirthouse.ro\/ro\/wp-json\/wp\/v2\/product\/4589","targetHints":{"allow":["GET"]}}],"collection":[{"href":"https:\/\/www.shirthouse.ro\/ro\/wp-json\/wp\/v2\/product"}],"about":[{"href":"https:\/\/www.shirthouse.ro\/ro\/wp-json\/wp\/v2\/types\/product"}],"wp:featuredmedia":[{"embeddable":true,"href":"https:\/\/www.shirthouse.ro\/ro\/wp-json\/wp\/v2\/media\/4696"}],"wp:attachment":[{"href":"https:\/\/www.shirthouse.ro\/ro\/wp-json\/wp\/v2\/media?parent=4589"}],"wp:term":[{"taxonomy":"product_brand","embeddable":true,"href":"https:\/\/www.shirthouse.ro\/ro\/wp-json\/wp\/v2\/product_brand?post=4589"},{"taxonomy":"product_cat","embeddable":true,"href":"https:\/\/www.shirthouse.ro\/ro\/wp-json\/wp\/v2\/product_cat?post=4589"},{"taxonomy":"product_tag","embeddable":true,"href":"https:\/\/www.shirthouse.ro\/ro\/wp-json\/wp\/v2\/product_tag?post=4589"}],"curies":[{"name":"wp","href":"https:\/\/api.w.org\/{rel}","templated":true}]}}