{"id":4427,"date":"2025-09-15T10:25:52","date_gmt":"2025-09-15T10:25:52","guid":{"rendered":"https:\/\/www.shirthouse.ro\/?post_type=product&#038;p=4427"},"modified":"2026-02-20T12:44:50","modified_gmt":"2026-02-20T12:44:50","slug":"camasa-barbati-adam-1-1-alb-popelin-2","status":"publish","type":"product","link":"https:\/\/www.shirthouse.ro\/ro\/produs\/camasa-barbati-adam-1-1-alb-popelin-2\/","title":{"rendered":"C\u0103ma\u0219\u0103 b\u0103rba\u021bi \u201cAdam\u201d \u2013 1\/1 Alb \u2013 Poplin \u2013 Croial\u0103 Clasic\u0103"},"content":{"rendered":"<p>C\u0103ma\u0219a \u201dAdam\u201dcu manec\u0103 lung\u0103 produs\u0103 \u00een Rom\u00e2nia, din poplin (60% bumbac, 40% poliester), este recomandat\u0103 pentru HoReCa, retail \u0219i companii corporate. U\u0219or de \u00eentre\u021binut (easy-care), se \u0219ifoneaz\u0103 greu, se calc\u0103 rapid \u0219i \u00ee\u0219i p\u0103streaz\u0103 forma \u00eentreaga zi. Croiala clasic\u0103 ofer\u0103 confort \u0219i aspect profesionist. Durabil\u0103 la 60\u201380 sp\u0103l\u0103ri casnice \u0219i 50\u201370 industriale.<\/p>\n<p>\u2714\u00a0Raport optim \u00eentre elegan\u021b\u0103, confort \u0219i cost.<\/p>\n<p data-start=\"1335\" data-end=\"1608\">","protected":false},"excerpt":{"rendered":"<p>C\u0103ma\u0219a \u201dAdam\u201dcu manec\u0103 lung\u0103 produs\u0103 \u00een Rom\u00e2nia, din poplin (60% bumbac, 40% poliester), este recomandat\u0103 pentru HoReCa, retail \u0219i companii corporate. U\u0219or de \u00eentre\u021binut (easy-care), se \u0219ifoneaz\u0103 greu, se calc\u0103 rapid \u0219i \u00ee\u0219i p\u0103streaz\u0103 forma \u00eentreaga zi. Croiala clasic\u0103 ofer\u0103 confort \u0219i aspect profesionist. Durabil\u0103 la 60\u201380 sp\u0103l\u0103ri casnice \u0219i 50\u201370 industriale. \u2714\u00a0Raport optim \u00eentre [&hellip;]<\/p>","protected":false},"featured_media":4727,"template":"","meta":[],"product_brand":[],"product_cat":[83,56,58],"product_tag":[],"class_list":{"0":"post-4427","1":"product","2":"type-product","3":"status-publish","4":"has-post-thumbnail","6":"product_cat-men-shirts","7":"product_cat-work","8":"product_cat-adam-eva","9":"pa_pocket-pocket-yes","10":"pa_sewing-patterns-classic","11":"pa_size-5xl","12":"pa_size-4xl","13":"pa_size-3xl","14":"pa_size-xxl-45-46","15":"pa_size-xl-43-44","16":"pa_size-l-41-42","17":"pa_size-m-39-40","18":"pa_size-s-37-38","19":"pa_sleeve-long","21":"first","22":"instock","23":"taxable","24":"shipping-taxable","25":"purchasable","26":"product-type-simple"},"tiered_pricing_type":"fixed","tiered_pricing_fixed_rules":{"20":"117","50":"106","100":"94"},"tiered_pricing_product_settings":{"layout":"default","base_unit_name":{"singular":null,"plural":null},"default_variation":null},"tiered_pricing_minimum_quantity":null,"tiered_pricing_roles_data":[],"tiered_pricing_percentage_rules":[],"_links":{"self":[{"href":"https:\/\/www.shirthouse.ro\/ro\/wp-json\/wp\/v2\/product\/4427","targetHints":{"allow":["GET"]}}],"collection":[{"href":"https:\/\/www.shirthouse.ro\/ro\/wp-json\/wp\/v2\/product"}],"about":[{"href":"https:\/\/www.shirthouse.ro\/ro\/wp-json\/wp\/v2\/types\/product"}],"wp:featuredmedia":[{"embeddable":true,"href":"https:\/\/www.shirthouse.ro\/ro\/wp-json\/wp\/v2\/media\/4727"}],"wp:attachment":[{"href":"https:\/\/www.shirthouse.ro\/ro\/wp-json\/wp\/v2\/media?parent=4427"}],"wp:term":[{"taxonomy":"product_brand","embeddable":true,"href":"https:\/\/www.shirthouse.ro\/ro\/wp-json\/wp\/v2\/product_brand?post=4427"},{"taxonomy":"product_cat","embeddable":true,"href":"https:\/\/www.shirthouse.ro\/ro\/wp-json\/wp\/v2\/product_cat?post=4427"},{"taxonomy":"product_tag","embeddable":true,"href":"https:\/\/www.shirthouse.ro\/ro\/wp-json\/wp\/v2\/product_tag?post=4427"}],"curies":[{"name":"wp","href":"https:\/\/api.w.org\/{rel}","templated":true}]}}