{"id":4418,"date":"2025-09-15T10:12:59","date_gmt":"2025-09-15T10:12:59","guid":{"rendered":"https:\/\/www.shirthouse.ro\/?post_type=product&#038;p=4418"},"modified":"2026-02-20T13:09:57","modified_gmt":"2026-02-20T13:09:57","slug":"camasa-barbati-adam-1-2-albastru-deschis-popelin","status":"publish","type":"product","link":"https:\/\/www.shirthouse.ro\/ro\/produs\/camasa-barbati-adam-1-2-albastru-deschis-popelin\/","title":{"rendered":"C\u0103ma\u0219\u0103 b\u0103rba\u021bi \u201cAdam\u201d \u2013 1\/2 Albastru deschis \u2013 Popelin"},"content":{"rendered":"<p>C\u0103ma\u0219a \u201dAdam\u201dcu manec\u0103 scurt\u0103 produs\u0103 \u00een Rom\u00e2nia, din poplin (60% bumbac, 40% poliester), este recomandat\u0103 pentru HoReCa, retail \u0219i companii corporate. U\u0219or de \u00eentre\u021binut (easy-care), se \u0219ifoneaz\u0103 greu, se calc\u0103 rapid \u0219i \u00ee\u0219i p\u0103streaz\u0103 forma \u00eentreaga zi. Croiala clasic\u0103 ofer\u0103 confort \u0219i aspect profesionist. Durabil\u0103 la 60\u201380 sp\u0103l\u0103ri casnice \u0219i 50\u201370 industriale<\/p>","protected":false},"excerpt":{"rendered":"<p>C\u0103ma\u0219a \u201dAdam\u201dcu manec\u0103 scurt\u0103 produs\u0103 \u00een Rom\u00e2nia, din poplin (60% bumbac, 40% poliester), este recomandat\u0103 pentru HoReCa, retail \u0219i companii corporate. U\u0219or de \u00eentre\u021binut (easy-care), se \u0219ifoneaz\u0103 greu, se calc\u0103 rapid \u0219i \u00ee\u0219i p\u0103streaz\u0103 forma \u00eentreaga zi. Croiala clasic\u0103 ofer\u0103 confort \u0219i aspect profesionist. Durabil\u0103 la 60\u201380 sp\u0103l\u0103ri casnice \u0219i 50\u201370 industriale<\/p>","protected":false},"featured_media":4734,"template":"","meta":[],"product_brand":[],"product_cat":[83,56,58],"product_tag":[],"class_list":{"0":"post-4418","1":"product","2":"type-product","3":"status-publish","4":"has-post-thumbnail","6":"product_cat-men-shirts","7":"product_cat-work","8":"product_cat-adam-eva","9":"pa_pocket-pocket-yes","10":"pa_sewing-patterns-classic","11":"pa_sleeve-short","13":"first","14":"instock","15":"taxable","16":"shipping-taxable","17":"purchasable","18":"product-type-simple"},"tiered_pricing_type":"fixed","tiered_pricing_fixed_rules":{"20":"115","50":"104","100":"92"},"tiered_pricing_product_settings":{"layout":"default","base_unit_name":{"singular":null,"plural":null},"default_variation":null},"tiered_pricing_minimum_quantity":null,"tiered_pricing_roles_data":[],"tiered_pricing_percentage_rules":[],"_links":{"self":[{"href":"https:\/\/www.shirthouse.ro\/ro\/wp-json\/wp\/v2\/product\/4418","targetHints":{"allow":["GET"]}}],"collection":[{"href":"https:\/\/www.shirthouse.ro\/ro\/wp-json\/wp\/v2\/product"}],"about":[{"href":"https:\/\/www.shirthouse.ro\/ro\/wp-json\/wp\/v2\/types\/product"}],"wp:featuredmedia":[{"embeddable":true,"href":"https:\/\/www.shirthouse.ro\/ro\/wp-json\/wp\/v2\/media\/4734"}],"wp:attachment":[{"href":"https:\/\/www.shirthouse.ro\/ro\/wp-json\/wp\/v2\/media?parent=4418"}],"wp:term":[{"taxonomy":"product_brand","embeddable":true,"href":"https:\/\/www.shirthouse.ro\/ro\/wp-json\/wp\/v2\/product_brand?post=4418"},{"taxonomy":"product_cat","embeddable":true,"href":"https:\/\/www.shirthouse.ro\/ro\/wp-json\/wp\/v2\/product_cat?post=4418"},{"taxonomy":"product_tag","embeddable":true,"href":"https:\/\/www.shirthouse.ro\/ro\/wp-json\/wp\/v2\/product_tag?post=4418"}],"curies":[{"name":"wp","href":"https:\/\/api.w.org\/{rel}","templated":true}]}}