{"id":1659,"date":"2023-04-13T08:26:07","date_gmt":"2023-04-13T08:26:07","guid":{"rendered":"https:\/\/shopkeeper-demo.getbowtied.com\/wines\/?page_id=1659"},"modified":"2025-05-27T08:23:07","modified_gmt":"2025-05-27T08:23:07","slug":"about-us","status":"publish","type":"page","link":"https:\/\/www.shirthouse.ro\/ro\/about-us\/","title":{"rendered":"Despre Noi"},"content":{"rendered":"<div data-elementor-type=\"wp-page\" data-elementor-id=\"1659\" class=\"elementor elementor-1659\" data-elementor-post-type=\"page\">\n\t\t\t\t\t\t<section class=\"elementor-section elementor-top-section elementor-element elementor-element-5154aac elementor-section-full_width elementor-section-stretched elementor-section-content-middle elementor-section-height-min-height elementor-section-height-default elementor-section-items-middle\" data-id=\"5154aac\" data-element_type=\"section\" data-settings=\"{&quot;stretch_section&quot;:&quot;section-stretched&quot;,&quot;background_background&quot;:&quot;classic&quot;}\">\n\t\t\t\t\t\t<div class=\"elementor-container elementor-column-gap-no\">\n\t\t\t\t\t<div class=\"elementor-column elementor-col-100 elementor-top-column elementor-element elementor-element-7ce3c2d\" data-id=\"7ce3c2d\" data-element_type=\"column\">\n\t\t\t<div class=\"elementor-widget-wrap elementor-element-populated\">\n\t\t\t\t<div class=\"elementor-element elementor-element-c2978e2 e-flex e-con-boxed e-con e-parent\" data-id=\"c2978e2\" data-element_type=\"container\" data-settings=\"{&quot;background_background&quot;:&quot;classic&quot;}\">\n\t\t\t\t\t<div class=\"e-con-inner\">\n\t\t\t\t<div class=\"elementor-element elementor-element-aed65a6 elementor-widget-tablet__width-initial elementor-widget elementor-widget-heading\" data-id=\"aed65a6\" data-element_type=\"widget\" data-widget_type=\"heading.default\">\n\t\t\t\t<div class=\"elementor-widget-container\">\n\t\t\t\t\t<h1 class=\"elementor-heading-title elementor-size-default\">Despre Noi<\/h1>\t\t\t\t<\/div>\n\t\t\t\t<\/div>\n\t\t\t\t<div class=\"elementor-element elementor-element-4d3dfeb elementor-widget-divider--view-line_icon elementor-view-default elementor-widget-divider--element-align-center elementor-widget elementor-widget-divider\" data-id=\"4d3dfeb\" data-element_type=\"widget\" data-widget_type=\"divider.default\">\n\t\t\t\t<div class=\"elementor-widget-container\">\n\t\t\t\t\t\t\t<div class=\"elementor-divider\">\n\t\t\t<span class=\"elementor-divider-separator\">\n\t\t\t\t\t\t\t<div class=\"elementor-icon elementor-divider__element\">\n\t\t\t\t\t<svg aria-hidden=\"true\" class=\"e-font-icon-svg e-fas-star\" viewbox=\"0 0 576 512\" xmlns=\"http:\/\/www.w3.org\/2000\/svg\"><path d=\"M259.3 17.8L194 150.2 47.9 171.5c-26.2 3.8-36.7 36.1-17.7 54.6l105.7 103-25 145.5c-4.5 26.3 23.2 46 46.4 33.7L288 439.6l130.7 68.7c23.2 12.2 50.9-7.4 46.4-33.7l-25-145.5 105.7-103c19-18.5 8.5-50.8-17.7-54.6L382 150.2 316.7 17.8c-11.7-23.6-45.6-23.9-57.4 0z\"><\/path><\/svg><\/div>\n\t\t\t\t\t\t<\/span>\n\t\t<\/div>\n\t\t\t\t\t\t<\/div>\n\t\t\t\t<\/div>\n\t\t\t\t\t<\/div>\n\t\t\t\t<\/div>\n\t\t\t\t\t<\/div>\n\t\t<\/div>\n\t\t\t\t\t<\/div>\n\t\t<\/section>\n\t\t\t\t<section class=\"elementor-section elementor-top-section elementor-element elementor-element-618057c elementor-section-full_width elementor-section-stretched elementor-section-content-middle elementor-section-height-default elementor-section-height-default\" data-id=\"618057c\" data-element_type=\"section\" data-settings=\"{&quot;stretch_section&quot;:&quot;section-stretched&quot;}\">\n\t\t\t\t\t\t\t<div class=\"elementor-background-overlay\"><\/div>\n\t\t\t\t\t\t\t<div class=\"elementor-container elementor-column-gap-no\">\n\t\t\t\t\t<div class=\"elementor-column elementor-col-100 elementor-top-column elementor-element elementor-element-f50b085\" data-id=\"f50b085\" data-element_type=\"column\">\n\t\t\t<div class=\"elementor-widget-wrap elementor-element-populated\">\n\t\t\t\t\t\t<section class=\"elementor-section elementor-inner-section elementor-element elementor-element-b21313a elementor-section-full_width elementor-section-content-middle elementor-section-height-min-height elementor-section-height-default\" data-id=\"b21313a\" data-element_type=\"section\" data-settings=\"{&quot;background_background&quot;:&quot;classic&quot;,&quot;shape_divider_bottom&quot;:&quot;mountains&quot;,&quot;shape_divider_top&quot;:&quot;mountains&quot;}\">\n\t\t\t\t\t<div class=\"elementor-shape elementor-shape-top\" data-negative=\"false\">\n\t\t\t<svg xmlns=\"http:\/\/www.w3.org\/2000\/svg\" viewbox=\"0 0 1000 100\" preserveaspectratio=\"none\">\n\t<path class=\"elementor-shape-fill\" opacity=\"0.33\" d=\"M473,67.3c-203.9,88.3-263.1-34-320.3,0C66,119.1,0,59.7,0,59.7V0h1000v59.7 c0,0-62.1,26.1-94.9,29.3c-32.8,3.3-62.8-12.3-75.8-22.1C806,49.6,745.3,8.7,694.9,4.7S492.4,59,473,67.3z\"\/>\n\t<path class=\"elementor-shape-fill\" opacity=\"0.66\" d=\"M734,67.3c-45.5,0-77.2-23.2-129.1-39.1c-28.6-8.7-150.3-10.1-254,39.1 s-91.7-34.4-149.2,0C115.7,118.3,0,39.8,0,39.8V0h1000v36.5c0,0-28.2-18.5-92.1-18.5C810.2,18.1,775.7,67.3,734,67.3z\"\/>\n\t<path class=\"elementor-shape-fill\" d=\"M766.1,28.9c-200-57.5-266,65.5-395.1,19.5C242,1.8,242,5.4,184.8,20.6C128,35.8,132.3,44.9,89.9,52.5C28.6,63.7,0,0,0,0 h1000c0,0-9.9,40.9-83.6,48.1S829.6,47,766.1,28.9z\"\/>\n<\/svg>\t\t<\/div>\n\t\t\t\t<div class=\"elementor-shape elementor-shape-bottom\" data-negative=\"false\">\n\t\t\t<svg xmlns=\"http:\/\/www.w3.org\/2000\/svg\" viewbox=\"0 0 1000 100\" preserveaspectratio=\"none\">\n\t<path class=\"elementor-shape-fill\" opacity=\"0.33\" d=\"M473,67.3c-203.9,88.3-263.1-34-320.3,0C66,119.1,0,59.7,0,59.7V0h1000v59.7 c0,0-62.1,26.1-94.9,29.3c-32.8,3.3-62.8-12.3-75.8-22.1C806,49.6,745.3,8.7,694.9,4.7S492.4,59,473,67.3z\"\/>\n\t<path class=\"elementor-shape-fill\" opacity=\"0.66\" d=\"M734,67.3c-45.5,0-77.2-23.2-129.1-39.1c-28.6-8.7-150.3-10.1-254,39.1 s-91.7-34.4-149.2,0C115.7,118.3,0,39.8,0,39.8V0h1000v36.5c0,0-28.2-18.5-92.1-18.5C810.2,18.1,775.7,67.3,734,67.3z\"\/>\n\t<path class=\"elementor-shape-fill\" d=\"M766.1,28.9c-200-57.5-266,65.5-395.1,19.5C242,1.8,242,5.4,184.8,20.6C128,35.8,132.3,44.9,89.9,52.5C28.6,63.7,0,0,0,0 h1000c0,0-9.9,40.9-83.6,48.1S829.6,47,766.1,28.9z\"\/>\n<\/svg>\t\t<\/div>\n\t\t\t\t\t<div class=\"elementor-container elementor-column-gap-no\">\n\t\t\t\t\t<div class=\"elementor-column elementor-col-100 elementor-inner-column elementor-element elementor-element-ec00503\" data-id=\"ec00503\" data-element_type=\"column\">\n\t\t\t<div class=\"elementor-widget-wrap elementor-element-populated\">\n\t\t\t\t\t<div class=\"elementor-background-overlay\"><\/div>\n\t\t\t\t<div class=\"elementor-element elementor-element-6346925 e-flex e-con-boxed e-con e-parent\" data-id=\"6346925\" data-element_type=\"container\" data-settings=\"{&quot;background_background&quot;:&quot;classic&quot;}\">\n\t\t\t\t\t<div class=\"e-con-inner\">\n\t\t\t\t<div class=\"elementor-element elementor-element-981fac3 elementor-widget elementor-widget-heading\" data-id=\"981fac3\" data-element_type=\"widget\" data-widget_type=\"heading.default\">\n\t\t\t\t<div class=\"elementor-widget-container\">\n\t\t\t\t\t<h3 class=\"elementor-heading-title elementor-size-default\">Cine Santem Noi<\/h3>\t\t\t\t<\/div>\n\t\t\t\t<\/div>\n\t\t\t\t<div class=\"elementor-element elementor-element-dba3c85 elementor-widget elementor-widget-text-editor\" data-id=\"dba3c85\" data-element_type=\"widget\" data-widget_type=\"text-editor.default\">\n\t\t\t\t<div class=\"elementor-widget-container\">\n\t\t\t\t\t\t\t\t\t<p data-start=\"0\" data-end=\"341\" class=\"translation-block\"><strong data-start=\"0\" data-end=\"19\">Shirt House SRL<\/strong> este o companie de produc\u021bie specializat\u0103 \u00een c\u0103m\u0103\u0219i pentru b\u0103rba\u021bi \u0219i bluze pentru femei, situat\u0103 \u00een frumosul ora\u0219 Sighi\u0219oara din regiunea Transilvaniei din Rom\u00e2nia. Cu o istorie bogat\u0103 \u00een industria produc\u021biei de \u00eembr\u0103c\u0103minte \u0219i o echip\u0103 dedicat\u0103, ne angaj\u0103m s\u0103 oferim produse de cea mai \u00eenalt\u0103 calitate \u0219i servicii excelente.<\/p><p data-start=\"343\" data-end=\"758\">La fabrica noastr\u0103, acord\u0103m o aten\u021bie deosebit\u0103 calit\u0103\u021bii \u0219i durabilit\u0103\u021bii fiec\u0103rui articol pe care \u00eel producem. Fiecare piesa este supusa unei inspectii atente, iar materialele folosite sunt selectate cu cea mai mare grija pentru a se asigura ca rezista testului timpului. Ne m\u00e2ndrim s\u0103 oferim clien\u021bilor no\u0219tri nu numai produse pl\u0103cute din punct de vedere estetic, ci \u0219i altele de \u00eencredere, care \u00ee\u0219i men\u021bin frumuse\u021bea \u0219i func\u021bionalitatea pe termen lung.<\/p><p data-start=\"760\" data-end=\"998\" class=\"translation-block\">Suntem echipa\u021bi cu ma\u0219ini de \u00eenalt\u0103 performan\u021b\u0103, inclusiv ma\u0219ini de cusut de \u00eenalt\u0103 calitate <strong data-start=\"819\" data-end=\"827\">Juki<\/strong>, ma\u0219ini de t\u0103iat automate <strong data-start=\"858\" data-end=\"868\">Gemini<\/strong>, prese <strong data-start=\"897\" data-end=\"897\"> Reliant<\/strong> mai fiabile, mai multe altele, pentru a satisface cele mai \u00eenalte cerin\u021be ale pie\u021bei.<\/p><p data-start=\"1000\" data-end=\"1267\">Suntem \u00eenc\u00e2nta\u021bi s\u0103 servim clien\u021bii no\u0219tri at\u00e2t pe plan intern, c\u00e2t \u0219i interna\u021bional \u0219i suntem recunosc\u0103tori pentru \u00eencrederea \u0219i sprijinul lor continu\u0103. Fiecare produs pe care \u00eel fabric\u0103m reprezint\u0103 angajamentul nostru de a aduce o not\u0103 de elegan\u021b\u0103 \u0219i rafinament garderobei fiec\u0103rui client.<\/p><p data-start=\"1269\" data-end=\"1501\" data-is-last-node=\"\">Suntem deschi\u0219i c\u0103tre noi colabor\u0103ri cu clien\u021bi din toat\u0103 Europa. Dac\u0103 ave\u021bi o solicitare sau dori\u021bi s\u0103 discuta\u021bi despre un poten\u021bial parteneriat, v\u0103 \u00eencuraj\u0103m s\u0103 ne contacta\u021bi prin adresa noastr\u0103 de e-mail sau prin formularul de contact disponibil pe site-ul nostru.<\/p>\t\t\t\t\t\t\t\t<\/div>\n\t\t\t\t<\/div>\n\t\t\t\t<div class=\"elementor-element elementor-element-653b708 elementor-view-default elementor-widget elementor-widget-icon\" data-id=\"653b708\" data-element_type=\"widget\" data-widget_type=\"icon.default\">\n\t\t\t\t<div class=\"elementor-widget-container\">\n\t\t\t\t\t\t\t<div class=\"elementor-icon-wrapper\">\n\t\t\t<div class=\"elementor-icon\">\n\t\t\t<svg aria-hidden=\"true\" class=\"e-font-icon-svg e-fas-star\" viewbox=\"0 0 576 512\" xmlns=\"http:\/\/www.w3.org\/2000\/svg\"><path d=\"M259.3 17.8L194 150.2 47.9 171.5c-26.2 3.8-36.7 36.1-17.7 54.6l105.7 103-25 145.5c-4.5 26.3 23.2 46 46.4 33.7L288 439.6l130.7 68.7c23.2 12.2 50.9-7.4 46.4-33.7l-25-145.5 105.7-103c19-18.5 8.5-50.8-17.7-54.6L382 150.2 316.7 17.8c-11.7-23.6-45.6-23.9-57.4 0z\"><\/path><\/svg>\t\t\t<\/div>\n\t\t<\/div>\n\t\t\t\t\t\t<\/div>\n\t\t\t\t<\/div>\n\t\t\t\t\t<\/div>\n\t\t\t\t<\/div>\n\t\t\t\t\t<\/div>\n\t\t<\/div>\n\t\t\t\t\t<\/div>\n\t\t<\/section>\n\t\t\t\t\t<\/div>\n\t\t<\/div>\n\t\t\t\t\t<\/div>\n\t\t<\/section>\n\t\t\t\t<\/div>","protected":false},"excerpt":{"rendered":"<p>About Us Who We Are Shirt House SRL is a manufacturing company specializing in men&#8217;s shirts and women&#8217;s blouses, located in the beautiful city of Sighi\u0219oara in the Transylvania region of Romania. With a rich history in the clothing production industry and a dedicated team, we are committed to offering the highest quality products and [&hellip;]<\/p>","protected":false},"author":1,"featured_media":0,"parent":0,"menu_order":0,"comment_status":"closed","ping_status":"closed","template":"elementor_header_footer","meta":{"footnotes":""},"class_list":["post-1659","page","type-page","status-publish","hentry"],"_links":{"self":[{"href":"https:\/\/www.shirthouse.ro\/ro\/wp-json\/wp\/v2\/pages\/1659","targetHints":{"allow":["GET"]}}],"collection":[{"href":"https:\/\/www.shirthouse.ro\/ro\/wp-json\/wp\/v2\/pages"}],"about":[{"href":"https:\/\/www.shirthouse.ro\/ro\/wp-json\/wp\/v2\/types\/page"}],"author":[{"embeddable":true,"href":"https:\/\/www.shirthouse.ro\/ro\/wp-json\/wp\/v2\/users\/1"}],"replies":[{"embeddable":true,"href":"https:\/\/www.shirthouse.ro\/ro\/wp-json\/wp\/v2\/comments?post=1659"}],"version-history":[{"count":60,"href":"https:\/\/www.shirthouse.ro\/ro\/wp-json\/wp\/v2\/pages\/1659\/revisions"}],"predecessor-version":[{"id":4162,"href":"https:\/\/www.shirthouse.ro\/ro\/wp-json\/wp\/v2\/pages\/1659\/revisions\/4162"}],"wp:attachment":[{"href":"https:\/\/www.shirthouse.ro\/ro\/wp-json\/wp\/v2\/media?parent=1659"}],"curies":[{"name":"wp","href":"https:\/\/api.w.org\/{rel}","templated":true}]}}